{"id":4192,"date":"2025-10-13T19:14:21","date_gmt":"2025-10-14T01:14:21","guid":{"rendered":"https:\/\/iass2025.unam.mx\/?page_id=4192"},"modified":"2025-10-15T19:07:58","modified_gmt":"2025-10-16T01:07:58","slug":"mexico-city-public-transportation-mobility","status":"publish","type":"page","link":"https:\/\/iass2025.unam.mx\/index.php\/mexico-city-public-transportation-mobility\/","title":{"rendered":"Mexico City Public Transportation Mobility"},"content":{"rendered":"\t\t<div data-elementor-type=\"wp-page\" data-elementor-id=\"4192\" class=\"elementor elementor-4192\" data-elementor-post-type=\"page\">\n\t\t\t\t<div class=\"elementor-element elementor-element-53e0c4e e-flex e-con-boxed e-con e-parent\" data-id=\"53e0c4e\" data-element_type=\"container\">\n\t\t\t\t\t<div class=\"e-con-inner\">\n\t\t\t\t<div class=\"elementor-element elementor-element-f9d08f9 elementor-widget elementor-widget-heading\" data-id=\"f9d08f9\" data-element_type=\"widget\" data-widget_type=\"heading.default\">\n\t\t\t\t<div class=\"elementor-widget-container\">\n\t\t\t\t\t<h2 class=\"elementor-heading-title elementor-size-default\">Mexico city<br>\nPUBLIC TRANSPORTATION<\/h2>\t\t\t\t<\/div>\n\t\t\t\t<\/div>\n\t\t<div class=\"elementor-element elementor-element-7265709 e-con-full e-flex e-con e-child\" data-id=\"7265709\" data-element_type=\"container\">\n\t\t<div class=\"elementor-element elementor-element-7bcf1f9 e-con-full e-flex e-con e-child\" data-id=\"7bcf1f9\" data-element_type=\"container\">\n\t\t\t\t<div class=\"elementor-element elementor-element-1451e90 elementor-widget elementor-widget-text-editor\" data-id=\"1451e90\" data-element_type=\"widget\" data-widget_type=\"text-editor.default\">\n\t\t\t\t<div class=\"elementor-widget-container\">\n\t\t\t\t\t\t\t\t\t<p>To travel on the <a href=\"https:\/\/iass2025.unam.mx\/wp-content\/uploads\/2025\/10\/mapa-mi-cdmx-stc160522-2.pdf\" target=\"_blank\" rel=\"noopener\"><strong>Metrob\u00fas, Metro, Troleb\u00fas, Cableb\u00fas, Tren Ligero, RTP<\/strong><\/a>, and other public transport systems, you need an <strong>Integrated Mobility Card<\/strong> (<em>Tarjeta de Movilidad Integrada<\/em>). This <strong>rechargeable smart card<\/strong> allows you to pay for nearly all public transportation services in Mexico City.<\/p><p>You can <strong>purchase or recharge<\/strong> the card at <strong>Metro, Metrob\u00fas, Cableb\u00fas<\/strong>, and <strong>Tren Ligero<\/strong> stations, either at <strong>ticket offices<\/strong> or <strong>automated machines<\/strong>. The card costs <strong>$15 MXN<\/strong> (approximately <strong>$0.75 USD<\/strong>).<\/p>\t\t\t\t\t\t\t\t<\/div>\n\t\t\t\t<\/div>\n\t\t\t\t<div class=\"elementor-element elementor-element-334abaf elementor-invisible elementor-widget elementor-widget-image\" data-id=\"334abaf\" data-element_type=\"widget\" data-settings=\"{&quot;_animation&quot;:&quot;zoomIn&quot;}\" data-widget_type=\"image.default\">\n\t\t\t\t<div class=\"elementor-widget-container\">\n\t\t\t\t\t\t\t\t\t\t\t\t\t\t\t\t<a href=\"https:\/\/iass2025.unam.mx\/wp-content\/uploads\/2025\/10\/mapa-mi-cdmx-stc160522-2.pdf\" target=\"_blank\">\n\t\t\t\t\t\t\t<img fetchpriority=\"high\" decoding=\"async\" width=\"769\" height=\"1024\" src=\"https:\/\/iass2025.unam.mx\/wp-content\/uploads\/2025\/10\/Captura-de-pantalla-2025-10-13-a-las-19.14.50-769x1024.png\" class=\"attachment-large size-large wp-image-4194\" alt=\"\" srcset=\"https:\/\/iass2025.unam.mx\/wp-content\/uploads\/2025\/10\/Captura-de-pantalla-2025-10-13-a-las-19.14.50-769x1024.png 769w, https:\/\/iass2025.unam.mx\/wp-content\/uploads\/2025\/10\/Captura-de-pantalla-2025-10-13-a-las-19.14.50-225x300.png 225w, https:\/\/iass2025.unam.mx\/wp-content\/uploads\/2025\/10\/Captura-de-pantalla-2025-10-13-a-las-19.14.50.png 1226w\" sizes=\"(max-width: 769px) 100vw, 769px\" \/>\t\t\t\t\t\t\t\t<\/a>\n\t\t\t\t\t\t\t\t\t\t\t\t\t\t\t<\/div>\n\t\t\t\t<\/div>\n\t\t<div class=\"elementor-element elementor-element-78ea187 e-con-full e-flex e-con e-child\" data-id=\"78ea187\" data-element_type=\"container\">\n\t\t\t\t<div class=\"elementor-element elementor-element-6aa0cd1 elementor-widget elementor-widget-text-editor\" data-id=\"6aa0cd1\" data-element_type=\"widget\" data-widget_type=\"text-editor.default\">\n\t\t\t\t<div class=\"elementor-widget-container\">\n\t\t\t\t\t\t\t\t\t<h5 data-start=\"2422\" data-end=\"2437\"><img decoding=\"async\" class=\"emoji\" role=\"img\" draggable=\"false\" src=\"https:\/\/iass2025.unam.mx\/wp-content\/uploads\/2025\/10\/Logo_del_Metro_de_la_Ciudad_de_Mexico.svg_.png\"\/>\n\n\n<strong> Metro<\/strong><\/h5>\nThe Mexico City subway system has <strong>12 lines<\/strong> covering most of the city. It is the fastest and most affordable way to travel long distances, though it can become crowded during rush hours.\n\n&nbsp;\n\n<strong>Price:<\/strong>\n<ul>$6.00 MXN (approximately $0.27 USD)<\/ul>\t\t\t\t\t\t\t\t<\/div>\n\t\t\t\t<\/div>\n\t\t\t\t<div class=\"elementor-element elementor-element-57c715a elementor-widget elementor-widget-button\" data-id=\"57c715a\" data-element_type=\"widget\" data-widget_type=\"button.default\">\n\t\t\t\t<div class=\"elementor-widget-container\">\n\t\t\t\t\t\t\t\t\t<div class=\"elementor-button-wrapper\">\n\t\t\t\t\t<a class=\"elementor-button elementor-button-link elementor-size-sm\" href=\"https:\/\/metro.cdmx.gob.mx\/la-red\/mapa-de-la-red\">\n\t\t\t\t\t\t<span class=\"elementor-button-content-wrapper\">\n\t\t\t\t\t\t<span class=\"elementor-button-icon\">\n\t\t\t\t<svg xmlns=\"http:\/\/www.w3.org\/2000\/svg\" viewBox=\"0 0 300 300\"><path d=\"m283.63 134.66-125.61-125.61c-10.74-10.74-28.15-10.74-38.88 0-10.74 10.74-10.74 28.14 0 38.88l75.11 75.11h-158.44c-15.18 0-27.49 12.31-27.49 27.49s12.31 27.49 27.49 27.49h165.58l-74.04 74.04c-10.74 10.74-10.74 28.14 0 38.88 5.37 5.37 12.4 8.05 19.44 8.05 7.03 0 14.07-2.68 19.44-8.05l117.4-117.4c5.16-5.16 8.05-12.15 8.05-19.44.01-7.29-2.89-14.28-8.05-19.44z\"><\/path><\/svg>\t\t\t<\/span>\n\t\t\t\t\t\t\t\t\t<span class=\"elementor-button-text\">Metro System Map<\/span>\n\t\t\t\t\t<\/span>\n\t\t\t\t\t<\/a>\n\t\t\t\t<\/div>\n\t\t\t\t\t\t\t\t<\/div>\n\t\t\t\t<\/div>\n\t\t\t\t<div class=\"elementor-element elementor-element-c99cba6 elementor-widget elementor-widget-text-editor\" data-id=\"c99cba6\" data-element_type=\"widget\" data-widget_type=\"text-editor.default\">\n\t\t\t\t<div class=\"elementor-widget-container\">\n\t\t\t\t\t\t\t\t\t<h5 data-start=\"2422\" data-end=\"2437\"><img decoding=\"async\" class=\"emoji\" role=\"img\" draggable=\"false\" src=\"https:\/\/iass2025.unam.mx\/wp-content\/uploads\/2025\/10\/Logo_del_Metrobus.svg_.png\"\/> <strong>Metrob\u00fas<\/strong><\/h5>\nA bus system with <strong>7 lines<\/strong> running through major avenues of the city. It operates on dedicated lanes, making it a reliable and efficient option.\n\n\n<strong>Price:<\/strong>\n<ul>$5.00 MXN (approximately $0.33 USD) \/ $30.00 MXN (approximately $1.64 USD) from or to the Airport<\/ul>\t\t\t\t\t\t\t\t<\/div>\n\t\t\t\t<\/div>\n\t\t\t\t<div class=\"elementor-element elementor-element-e3e1cac elementor-widget elementor-widget-button\" data-id=\"e3e1cac\" data-element_type=\"widget\" data-widget_type=\"button.default\">\n\t\t\t\t<div class=\"elementor-widget-container\">\n\t\t\t\t\t\t\t\t\t<div class=\"elementor-button-wrapper\">\n\t\t\t\t\t<a class=\"elementor-button elementor-button-link elementor-size-sm\" href=\"https:\/\/metrobus.cdmx.gob.mx\/mapas-de-sistema\/mapa-completo-del-sistema\">\n\t\t\t\t\t\t<span class=\"elementor-button-content-wrapper\">\n\t\t\t\t\t\t<span class=\"elementor-button-icon\">\n\t\t\t\t<svg xmlns=\"http:\/\/www.w3.org\/2000\/svg\" viewBox=\"0 0 300 300\"><path d=\"m283.63 134.66-125.61-125.61c-10.74-10.74-28.15-10.74-38.88 0-10.74 10.74-10.74 28.14 0 38.88l75.11 75.11h-158.44c-15.18 0-27.49 12.31-27.49 27.49s12.31 27.49 27.49 27.49h165.58l-74.04 74.04c-10.74 10.74-10.74 28.14 0 38.88 5.37 5.37 12.4 8.05 19.44 8.05 7.03 0 14.07-2.68 19.44-8.05l117.4-117.4c5.16-5.16 8.05-12.15 8.05-19.44.01-7.29-2.89-14.28-8.05-19.44z\"><\/path><\/svg>\t\t\t<\/span>\n\t\t\t\t\t\t\t\t\t<span class=\"elementor-button-text\">Metrob\u00fas System Map<\/span>\n\t\t\t\t\t<\/span>\n\t\t\t\t\t<\/a>\n\t\t\t\t<\/div>\n\t\t\t\t\t\t\t\t<\/div>\n\t\t\t\t<\/div>\n\t\t\t\t<div class=\"elementor-element elementor-element-9d25414 elementor-widget elementor-widget-text-editor\" data-id=\"9d25414\" data-element_type=\"widget\" data-widget_type=\"text-editor.default\">\n\t\t\t\t<div class=\"elementor-widget-container\">\n\t\t\t\t\t\t\t\t\t<h5 data-start=\"2422\" data-end=\"2437\"><img decoding=\"async\" class=\"emoji\" role=\"img\" draggable=\"false\" src=\"https:\/\/iass2025.unam.mx\/wp-content\/uploads\/2025\/10\/Logo_de_los_Servicio_de_Transportes_Electricos_de_la_Ciudad_de_Mexico.svg_.png\" \/> <strong>Troleb\u00fas \/ Tren Ligero<\/strong><\/h5>\nMexico City electric transportation system.\n\n<strong>Troleb\u00fas<\/strong> has <strong>13 lines<\/strong> that run quietly and sustainably along overhead wires throughout the city.\n\n\n<strong>Price:<\/strong>\n<ul>$4.00-$20.00 MXN (approximately $0.22 &#8211; $1.09 USD) depending the line.<\/ul>\n<strong>Tren Ligero<\/strong> operates only <strong>one line<\/strong>, running from <strong>Tasque\u00f1a Metro Station<\/strong> to the historic town of <strong>Xochimilco<\/strong>.\n\n\n<strong>Price:<\/strong>\n<ul>$3.00 MXN (approximately $0.16 USD)<\/ul>\t\t\t\t\t\t\t\t<\/div>\n\t\t\t\t<\/div>\n\t\t<div class=\"elementor-element elementor-element-7a6947c e-grid e-con-full e-con e-child\" data-id=\"7a6947c\" data-element_type=\"container\">\n\t\t\t\t<div class=\"elementor-element elementor-element-ba5ef2f elementor-widget elementor-widget-button\" data-id=\"ba5ef2f\" data-element_type=\"widget\" data-widget_type=\"button.default\">\n\t\t\t\t<div class=\"elementor-widget-container\">\n\t\t\t\t\t\t\t\t\t<div class=\"elementor-button-wrapper\">\n\t\t\t\t\t<a class=\"elementor-button elementor-button-link elementor-size-sm\" href=\"https:\/\/www.ste.cdmx.gob.mx\/red-de-servicio\/trolebus\">\n\t\t\t\t\t\t<span class=\"elementor-button-content-wrapper\">\n\t\t\t\t\t\t<span class=\"elementor-button-icon\">\n\t\t\t\t<svg xmlns=\"http:\/\/www.w3.org\/2000\/svg\" viewBox=\"0 0 300 300\"><path d=\"m283.63 134.66-125.61-125.61c-10.74-10.74-28.15-10.74-38.88 0-10.74 10.74-10.74 28.14 0 38.88l75.11 75.11h-158.44c-15.18 0-27.49 12.31-27.49 27.49s12.31 27.49 27.49 27.49h165.58l-74.04 74.04c-10.74 10.74-10.74 28.14 0 38.88 5.37 5.37 12.4 8.05 19.44 8.05 7.03 0 14.07-2.68 19.44-8.05l117.4-117.4c5.16-5.16 8.05-12.15 8.05-19.44.01-7.29-2.89-14.28-8.05-19.44z\"><\/path><\/svg>\t\t\t<\/span>\n\t\t\t\t\t\t\t\t\t<span class=\"elementor-button-text\">Troleb\u00fas System Map<\/span>\n\t\t\t\t\t<\/span>\n\t\t\t\t\t<\/a>\n\t\t\t\t<\/div>\n\t\t\t\t\t\t\t\t<\/div>\n\t\t\t\t<\/div>\n\t\t\t\t<div class=\"elementor-element elementor-element-26f6359 elementor-widget elementor-widget-button\" data-id=\"26f6359\" data-element_type=\"widget\" data-widget_type=\"button.default\">\n\t\t\t\t<div class=\"elementor-widget-container\">\n\t\t\t\t\t\t\t\t\t<div class=\"elementor-button-wrapper\">\n\t\t\t\t\t<a class=\"elementor-button elementor-button-link elementor-size-sm\" href=\"https:\/\/www.ste.cdmx.gob.mx\/red-de-servicio\/trolebus\">\n\t\t\t\t\t\t<span class=\"elementor-button-content-wrapper\">\n\t\t\t\t\t\t<span class=\"elementor-button-icon\">\n\t\t\t\t<svg xmlns=\"http:\/\/www.w3.org\/2000\/svg\" viewBox=\"0 0 300 300\"><path d=\"m283.63 134.66-125.61-125.61c-10.74-10.74-28.15-10.74-38.88 0-10.74 10.74-10.74 28.14 0 38.88l75.11 75.11h-158.44c-15.18 0-27.49 12.31-27.49 27.49s12.31 27.49 27.49 27.49h165.58l-74.04 74.04c-10.74 10.74-10.74 28.14 0 38.88 5.37 5.37 12.4 8.05 19.44 8.05 7.03 0 14.07-2.68 19.44-8.05l117.4-117.4c5.16-5.16 8.05-12.15 8.05-19.44.01-7.29-2.89-14.28-8.05-19.44z\"><\/path><\/svg>\t\t\t<\/span>\n\t\t\t\t\t\t\t\t\t<span class=\"elementor-button-text\">Tren Ligero INFO<\/span>\n\t\t\t\t\t<\/span>\n\t\t\t\t\t<\/a>\n\t\t\t\t<\/div>\n\t\t\t\t\t\t\t\t<\/div>\n\t\t\t\t<\/div>\n\t\t\t\t<\/div>\n\t\t\t\t<div class=\"elementor-element elementor-element-366c47f elementor-widget elementor-widget-text-editor\" data-id=\"366c47f\" data-element_type=\"widget\" data-widget_type=\"text-editor.default\">\n\t\t\t\t<div class=\"elementor-widget-container\">\n\t\t\t\t\t\t\t\t\t<h5 data-start=\"2422\" data-end=\"2437\"><img decoding=\"async\" class=\"emoji\" role=\"img\" draggable=\"false\" src=\"https:\/\/upload.wikimedia.org\/wikipedia\/commons\/3\/3a\/Logo_del_Cableb%C3%BAs.svg\" \/> <strong>Cableb\u00fas<\/strong><\/h5>\nAn urban cable car system with <strong>3 lines<\/strong> connecting hillside neighborhoods to metro and bus routes in the northern and eastern parts of the city.\n\n\n<strong>Price:<\/strong>\n<ul>$7.00 MXN (approximately $0.38 USD)<\/ul>\t\t\t\t\t\t\t\t<\/div>\n\t\t\t\t<\/div>\n\t\t\t\t<div class=\"elementor-element elementor-element-9ef09b2 elementor-widget elementor-widget-button\" data-id=\"9ef09b2\" data-element_type=\"widget\" data-widget_type=\"button.default\">\n\t\t\t\t<div class=\"elementor-widget-container\">\n\t\t\t\t\t\t\t\t\t<div class=\"elementor-button-wrapper\">\n\t\t\t\t\t<a class=\"elementor-button elementor-button-link elementor-size-sm\" href=\"https:\/\/www.ste.cdmx.gob.mx\/cablebus\">\n\t\t\t\t\t\t<span class=\"elementor-button-content-wrapper\">\n\t\t\t\t\t\t<span class=\"elementor-button-icon\">\n\t\t\t\t<svg xmlns=\"http:\/\/www.w3.org\/2000\/svg\" viewBox=\"0 0 300 300\"><path d=\"m283.63 134.66-125.61-125.61c-10.74-10.74-28.15-10.74-38.88 0-10.74 10.74-10.74 28.14 0 38.88l75.11 75.11h-158.44c-15.18 0-27.49 12.31-27.49 27.49s12.31 27.49 27.49 27.49h165.58l-74.04 74.04c-10.74 10.74-10.74 28.14 0 38.88 5.37 5.37 12.4 8.05 19.44 8.05 7.03 0 14.07-2.68 19.44-8.05l117.4-117.4c5.16-5.16 8.05-12.15 8.05-19.44.01-7.29-2.89-14.28-8.05-19.44z\"><\/path><\/svg>\t\t\t<\/span>\n\t\t\t\t\t\t\t\t\t<span class=\"elementor-button-text\">Cableb\u00fas Info<\/span>\n\t\t\t\t\t<\/span>\n\t\t\t\t\t<\/a>\n\t\t\t\t<\/div>\n\t\t\t\t\t\t\t\t<\/div>\n\t\t\t\t<\/div>\n\t\t\t\t<div class=\"elementor-element elementor-element-c595982 elementor-widget elementor-widget-text-editor\" data-id=\"c595982\" data-element_type=\"widget\" data-widget_type=\"text-editor.default\">\n\t\t\t\t<div class=\"elementor-widget-container\">\n\t\t\t\t\t\t\t\t\t<h5 data-start=\"2422\" data-end=\"2437\"><img decoding=\"async\" class=\"emoji\" role=\"img\" draggable=\"false\" src=\"https:\/\/iass2025.unam.mx\/wp-content\/uploads\/2025\/10\/rtp.png\" \/> <strong>RTP Buses<\/strong><\/h5>\nThe city\u2019s official bus network (RTP, by its Spanish acronym) offers regular, express, Ecobus, and night services. It covers areas beyond the reach of the Metro and Metrob\u00fas systems, including some suburban zones.\n\n\n<strong>Prices:<\/strong>\n<ul>\n \t<li style=\"list-style-type: none;\">\n<ul>\n \t<li style=\"list-style-type: none;\">\n<ul>$2.00 MXN (approximately $0.11 USD) regular&lt;br<\/ul>\n<\/li>\n<\/ul>\n<\/li>\n<\/ul>\n$4.00 MXN (approximately $0.22 USD) express\n\n$5.00 MXN (approximately $0.33 USD) Ecobus\n\n$7.00 MXN (approximately $0.38 USD) night service\t\t\t\t\t\t\t\t<\/div>\n\t\t\t\t<\/div>\n\t\t\t\t<div class=\"elementor-element elementor-element-a249be5 elementor-widget elementor-widget-button\" data-id=\"a249be5\" data-element_type=\"widget\" data-widget_type=\"button.default\">\n\t\t\t\t<div class=\"elementor-widget-container\">\n\t\t\t\t\t\t\t\t\t<div class=\"elementor-button-wrapper\">\n\t\t\t\t\t<a class=\"elementor-button elementor-button-link elementor-size-sm\" href=\"https:\/\/www.rtp.cdmx.gob.mx\/red-de-rutas\">\n\t\t\t\t\t\t<span class=\"elementor-button-content-wrapper\">\n\t\t\t\t\t\t<span class=\"elementor-button-icon\">\n\t\t\t\t<svg xmlns=\"http:\/\/www.w3.org\/2000\/svg\" viewBox=\"0 0 300 300\"><path d=\"m283.63 134.66-125.61-125.61c-10.74-10.74-28.15-10.74-38.88 0-10.74 10.74-10.74 28.14 0 38.88l75.11 75.11h-158.44c-15.18 0-27.49 12.31-27.49 27.49s12.31 27.49 27.49 27.49h165.58l-74.04 74.04c-10.74 10.74-10.74 28.14 0 38.88 5.37 5.37 12.4 8.05 19.44 8.05 7.03 0 14.07-2.68 19.44-8.05l117.4-117.4c5.16-5.16 8.05-12.15 8.05-19.44.01-7.29-2.89-14.28-8.05-19.44z\"><\/path><\/svg>\t\t\t<\/span>\n\t\t\t\t\t\t\t\t\t<span class=\"elementor-button-text\">RTP Buses System<\/span>\n\t\t\t\t\t<\/span>\n\t\t\t\t\t<\/a>\n\t\t\t\t<\/div>\n\t\t\t\t\t\t\t\t<\/div>\n\t\t\t\t<\/div>\n\t\t\t\t<div class=\"elementor-element elementor-element-c284ce1 elementor-widget elementor-widget-text-editor\" data-id=\"c284ce1\" data-element_type=\"widget\" data-widget_type=\"text-editor.default\">\n\t\t\t\t<div class=\"elementor-widget-container\">\n\t\t\t\t\t\t\t\t\t<h5 data-start=\"2422\" data-end=\"2437\"><img decoding=\"async\" class=\"emoji\" role=\"img\" draggable=\"false\" src=\"https:\/\/upload.wikimedia.org\/wikipedia\/commons\/a\/ab\/Movilidad_Integrada_%28logo%29_EcoBici.svg\" \/> <strong>Ecobici<\/strong><\/h5>\n<p data-start=\"201\" data-end=\"569\">EcoBici is <strong data-start=\"216\" data-end=\"261\">Mexico City\u2019s public bike-sharing service<\/strong>, designed for short trips of up to 45 minutes around the city. It\u2019s a convenient and eco-friendly way to move between neighborhoods such as Reforma, Condesa, Roma, Polanco, and the Historic Center, and to reach San \u00c1ngel, Coyoac\u00e1n, and Copilco, right next to UNAM\u2019s Central Campus.<\/p>\n<p data-start=\"571\" data-end=\"941\">You can <a href=\"https:\/\/ecobici.cdmx.gob.mx\/en\/\" target=\"_blank\" rel=\"noopener\">register online<\/a> or at an official stand, <a href=\"https:\/\/ecobici.cdmx.gob.mx\/en\/plans-and-rates\/\" target=\"_blank\" rel=\"noopener\">purchase a pass<\/a> (from <strong data-start=\"642\" data-end=\"661\">1 day to 1 year<\/strong>), and use your card or <a href=\"https:\/\/ecobici.cdmx.gob.mx\/en\/know-the-app\/\" target=\"_blank\" rel=\"noopener\">app<\/a> to unlock a bike at any station (<a href=\"https:\/\/ecobici.cdmx.gob.mx\/en\/map\/\" target=\"_blank\" rel=\"noopener\">see the map system here<\/a>).<\/p>\n<p data-start=\"571\" data-end=\"941\">Each ride is included if it lasts <strong data-start=\"756\" data-end=\"776\">up to 45 minutes<\/strong>. You can take unlimited trips during your pass period\u2014just dock the bike at any station and check out another one. <strong data-start=\"896\" data-end=\"921\">Extra time fees apply<\/strong> for longer rides.<\/p>\t\t\t\t\t\t\t\t<\/div>\n\t\t\t\t<\/div>\n\t\t\t\t<div class=\"elementor-element elementor-element-80b56d8 elementor-widget elementor-widget-heading\" data-id=\"80b56d8\" data-element_type=\"widget\" data-widget_type=\"heading.default\">\n\t\t\t\t<div class=\"elementor-widget-container\">\n\t\t\t\t\t<h2 class=\"elementor-heading-title elementor-size-default\">Taxis<\/h2>\t\t\t\t<\/div>\n\t\t\t\t<\/div>\n\t\t\t\t<div class=\"elementor-element elementor-element-a7aadaa elementor-widget elementor-widget-text-editor\" data-id=\"a7aadaa\" data-element_type=\"widget\" data-widget_type=\"text-editor.default\">\n\t\t\t\t<div class=\"elementor-widget-container\">\n\t\t\t\t\t\t\t\t\t<p>The capital has one of the largest taxi fleets in the world. The iconic pink-and-white cabs are everywhere. Nevertheless, as a visitor you should take a few precautions:<\/p><ul><li><strong><span style=\"color: #e43f82;\">Street-hailed taxis are not recommended<\/span><\/strong> for tourists due to inconsistent safety and fare practices.<\/li><\/ul><ul><li>Sitio taxis (taxi stands) are the recommended street option. They are registered, safer, and often have set fares. You\u2019ll find them at airports, hotels, shopping centers, and major tourist sites. Airport taxis operate on a prepaid ticket system.<\/li><\/ul>\t\t\t\t\t\t\t\t<\/div>\n\t\t\t\t<\/div>\n\t\t\t\t<div class=\"elementor-element elementor-element-a07c55b elementor-widget elementor-widget-heading\" data-id=\"a07c55b\" data-element_type=\"widget\" data-widget_type=\"heading.default\">\n\t\t\t\t<div class=\"elementor-widget-container\">\n\t\t\t\t\t<h2 class=\"elementor-heading-title elementor-size-default\">Apps For personal transport and ride-sharing<\/h2>\t\t\t\t<\/div>\n\t\t\t\t<\/div>\n\t\t\t\t<div class=\"elementor-element elementor-element-ba06534 elementor-widget elementor-widget-text-editor\" data-id=\"ba06534\" data-element_type=\"widget\" data-widget_type=\"text-editor.default\">\n\t\t\t\t<div class=\"elementor-widget-container\">\n\t\t\t\t\t\t\t\t\t<p>App-based rides like <a href=\"https:\/\/www.uber.com\/mx\/en\/\" target=\"_blank\" rel=\"noopener\">Uber<\/a>, <a href=\"https:\/\/web.didiglobal.com\/mx\/pasajero\/\" target=\"_blank\" rel=\"noopener\">Didi<\/a>, and <a href=\"https:\/\/indrive.com\/\" target=\"_blank\" rel=\"noopener\">inDrive<\/a> are very popular, offering clear pricing and safer service.<\/p>\t\t\t\t\t\t\t\t<\/div>\n\t\t\t\t<\/div>\n\t\t<div class=\"elementor-element elementor-element-11ce906 e-con-full e-flex e-con e-child\" data-id=\"11ce906\" data-element_type=\"container\" data-settings=\"{&quot;background_background&quot;:&quot;classic&quot;}\">\n\t\t\t\t<div class=\"elementor-element elementor-element-ca2bdfe elementor-widget elementor-widget-heading\" data-id=\"ca2bdfe\" data-element_type=\"widget\" data-widget_type=\"heading.default\">\n\t\t\t\t<div class=\"elementor-widget-container\">\n\t\t\t\t\t<h2 class=\"elementor-heading-title elementor-size-default\">MEXICO CITY METRO FUN FACT<\/h2>\t\t\t\t<\/div>\n\t\t\t\t<\/div>\n\t\t\t\t<div class=\"elementor-element elementor-element-19390ce elementor-widget elementor-widget-image\" data-id=\"19390ce\" data-element_type=\"widget\" data-widget_type=\"image.default\">\n\t\t\t\t<div class=\"elementor-widget-container\">\n\t\t\t\t\t\t\t\t\t\t\t\t\t\t\t<img decoding=\"async\" width=\"750\" height=\"422\" src=\"https:\/\/iass2025.unam.mx\/wp-content\/uploads\/2025\/10\/Iconos-Metro-CDMX.jpg\" class=\"attachment-large size-large wp-image-4246\" alt=\"\" srcset=\"https:\/\/iass2025.unam.mx\/wp-content\/uploads\/2025\/10\/Iconos-Metro-CDMX.jpg 750w, https:\/\/iass2025.unam.mx\/wp-content\/uploads\/2025\/10\/Iconos-Metro-CDMX-300x169.jpg 300w, https:\/\/iass2025.unam.mx\/wp-content\/uploads\/2025\/10\/Iconos-Metro-CDMX-600x338.jpg 600w\" sizes=\"(max-width: 750px) 100vw, 750px\" \/>\t\t\t\t\t\t\t\t\t\t\t\t\t\t\t<\/div>\n\t\t\t\t<\/div>\n\t\t<div class=\"elementor-element elementor-element-3af5cf2 e-con-full e-flex e-con e-child\" data-id=\"3af5cf2\" data-element_type=\"container\">\n\t\t<div class=\"elementor-element elementor-element-db4571a e-con-full e-flex e-con e-child\" data-id=\"db4571a\" data-element_type=\"container\">\n\t\t<div class=\"elementor-element elementor-element-8f6a2d1 e-con-full e-flex e-con e-child\" data-id=\"8f6a2d1\" data-element_type=\"container\">\n\t\t\t\t<div class=\"elementor-element elementor-element-d66f97f elementor-widget elementor-widget-text-editor\" data-id=\"d66f97f\" data-element_type=\"widget\" data-widget_type=\"text-editor.default\">\n\t\t\t\t<div class=\"elementor-widget-container\">\n\t\t\t\t\t\t\t\t\t<p>Mexico City&#8217;s metro system is famous for using a different icon for every single station\u2014a design that began in 1969 to help all residents navigate more easily, especially those who couldn&#8217;t read or spoke indigenous languages. These pictograms, inspired by both historical and cultural references, were created under the leadership of Mexican Architect <a href=\"https:\/\/www.instagram.com\/ramirezvazquezarq\/\" target=\"_blank\" rel=\"noopener\"><span style=\"color: #333399;\">Pedro Ram\u00edrez V\u00e1zquez<\/span><\/a>, who worked with the young designer Lance Wyman, after their success with the 1968 Olympic graphics. Today, these icons not only help locals but also make it much simpler for tourists and are still used in other systems like Metrob\u00fas, Cableb\u00fas, and Troleb\u00fas\u2014each line has its own color, making the journey across the city a truly visual adventure.<\/p>\t\t\t\t\t\t\t\t<\/div>\n\t\t\t\t<\/div>\n\t\t\t\t<\/div>\n\t\t\t\t<\/div>\n\t\t\t\t<\/div>\n\t\t\t\t<\/div>\n\t\t\t\t<\/div>\n\t\t\t\t<\/div>\n\t\t<div class=\"elementor-element elementor-element-81b0491 e-con-full e-flex e-con e-child\" data-id=\"81b0491\" data-element_type=\"container\">\n\t\t\t\t<\/div>\n\t\t\t\t<\/div>\n\t\t\t\t\t<\/div>\n\t\t\t\t<\/div>\n\t\t\t\t<\/div>\n\t\t","protected":false},"excerpt":{"rendered":"<p>Mexico city PUBLIC TRANSPORTATION To travel on the Metrob\u00fas, Metro, Troleb\u00fas, Cableb\u00fas, Tren Ligero, RTP, and other public transport systems, you need an Integrated Mobility Card (Tarjeta de Movilidad Integrada). This rechargeable smart card allows you to pay for nearly all public transportation services in Mexico City. You can purchase or recharge the card at [&hellip;]<\/p>\n","protected":false},"author":2,"featured_media":0,"parent":0,"menu_order":0,"comment_status":"closed","ping_status":"closed","template":"elementor_header_footer","meta":{"footnotes":""},"class_list":["post-4192","page","type-page","status-publish","hentry"],"_links":{"self":[{"href":"https:\/\/iass2025.unam.mx\/index.php\/wp-json\/wp\/v2\/pages\/4192","targetHints":{"allow":["GET"]}}],"collection":[{"href":"https:\/\/iass2025.unam.mx\/index.php\/wp-json\/wp\/v2\/pages"}],"about":[{"href":"https:\/\/iass2025.unam.mx\/index.php\/wp-json\/wp\/v2\/types\/page"}],"author":[{"embeddable":true,"href":"https:\/\/iass2025.unam.mx\/index.php\/wp-json\/wp\/v2\/users\/2"}],"replies":[{"embeddable":true,"href":"https:\/\/iass2025.unam.mx\/index.php\/wp-json\/wp\/v2\/comments?post=4192"}],"version-history":[{"count":99,"href":"https:\/\/iass2025.unam.mx\/index.php\/wp-json\/wp\/v2\/pages\/4192\/revisions"}],"predecessor-version":[{"id":4511,"href":"https:\/\/iass2025.unam.mx\/index.php\/wp-json\/wp\/v2\/pages\/4192\/revisions\/4511"}],"wp:attachment":[{"href":"https:\/\/iass2025.unam.mx\/index.php\/wp-json\/wp\/v2\/media?parent=4192"}],"curies":[{"name":"wp","href":"https:\/\/api.w.org\/{rel}","templated":true}]}}