{"id":3627,"date":"2025-09-27T19:43:13","date_gmt":"2025-09-28T01:43:13","guid":{"rendered":"https:\/\/iass2025.unam.mx\/?page_id=3627"},"modified":"2025-10-21T19:13:48","modified_gmt":"2025-10-22T01:13:48","slug":"07-arco-maya-pavilion","status":"publish","type":"page","link":"https:\/\/iass2025.unam.mx\/index.php\/07-arco-maya-pavilion\/","title":{"rendered":"07 \/ Arco Maya Pavilion"},"content":{"rendered":"\t\t<div data-elementor-type=\"wp-page\" data-elementor-id=\"3627\" class=\"elementor elementor-3627\" data-elementor-post-type=\"page\">\n\t\t\t\t<div class=\"elementor-element elementor-element-5092731 e-flex e-con-boxed e-con e-parent\" data-id=\"5092731\" data-element_type=\"container\" data-settings=\"{&quot;background_background&quot;:&quot;classic&quot;}\">\n\t\t\t\t\t<div class=\"e-con-inner\">\n\t\t<div class=\"elementor-element elementor-element-6e03a08 e-con-full e-flex e-con e-child\" data-id=\"6e03a08\" data-element_type=\"container\">\n\t\t<div class=\"elementor-element elementor-element-2da7ac2 e-con-full e-flex e-con e-child\" data-id=\"2da7ac2\" data-element_type=\"container\">\n\t\t\t\t<div class=\"elementor-element elementor-element-20057ac elementor-widget__width-initial elementor-widget elementor-widget-heading\" data-id=\"20057ac\" data-element_type=\"widget\" data-widget_type=\"heading.default\">\n\t\t\t\t<div class=\"elementor-widget-container\">\n\t\t\t\t\t<h1 class=\"elementor-heading-title elementor-size-default\">07 \/<br>Arco Maya Pavilion<\/h1>\t\t\t\t<\/div>\n\t\t\t\t<\/div>\n\t\t\t\t<div class=\"elementor-element elementor-element-1fd8062 elementor-widget elementor-widget-heading\" data-id=\"1fd8062\" data-element_type=\"widget\" data-widget_type=\"heading.default\">\n\t\t\t\t<div class=\"elementor-widget-container\">\n\t\t\t\t\t<h2 class=\"elementor-heading-title elementor-size-default\"><b>Universidad LaSalle<\/b><br>\nErik Alfonso Carranza L\u00f3pez<br>\nDinorah Mart\u00ednez Schulte<br>\nEdurne Morales<br>\nTania Sabrina Ortiz Ram\u00edrez\n\n<\/h2>\t\t\t\t<\/div>\n\t\t\t\t<\/div>\n\t\t\t\t<div class=\"elementor-element elementor-element-50d560d elementor-widget elementor-widget-image\" data-id=\"50d560d\" data-element_type=\"widget\" data-widget_type=\"image.default\">\n\t\t\t\t<div class=\"elementor-widget-container\">\n\t\t\t\t\t\t\t\t\t\t\t\t\t\t\t\t<a href=\"https:\/\/iass2025.unam.mx\/wp-content\/uploads\/2025\/09\/Recurso-1-1.png\" data-elementor-open-lightbox=\"yes\" data-elementor-lightbox-title=\"Recurso 1\" data-e-action-hash=\"#elementor-action%3Aaction%3Dlightbox%26settings%3DeyJpZCI6MzYzMSwidXJsIjoiaHR0cHM6XC9cL2lhc3MyMDI1LnVuYW0ubXhcL3dwLWNvbnRlbnRcL3VwbG9hZHNcLzIwMjVcLzA5XC9SZWN1cnNvLTEtMS5wbmcifQ%3D%3D\">\n\t\t\t\t\t\t\t<img fetchpriority=\"high\" decoding=\"async\" width=\"800\" height=\"556\" src=\"https:\/\/iass2025.unam.mx\/wp-content\/uploads\/2025\/09\/Recurso-1-1-1024x712.png\" class=\"attachment-large size-large wp-image-3631\" alt=\"\" srcset=\"https:\/\/iass2025.unam.mx\/wp-content\/uploads\/2025\/09\/Recurso-1-1-1024x712.png 1024w, https:\/\/iass2025.unam.mx\/wp-content\/uploads\/2025\/09\/Recurso-1-1-300x209.png 300w, https:\/\/iass2025.unam.mx\/wp-content\/uploads\/2025\/09\/Recurso-1-1-768x534.png 768w, https:\/\/iass2025.unam.mx\/wp-content\/uploads\/2025\/09\/Recurso-1-1-1536x1068.png 1536w, https:\/\/iass2025.unam.mx\/wp-content\/uploads\/2025\/09\/Recurso-1-1-600x417.png 600w, https:\/\/iass2025.unam.mx\/wp-content\/uploads\/2025\/09\/Recurso-1-1.png 1906w\" sizes=\"(max-width: 800px) 100vw, 800px\" \/>\t\t\t\t\t\t\t\t<\/a>\n\t\t\t\t\t\t\t\t\t\t\t\t\t\t\t<\/div>\n\t\t\t\t<\/div>\n\t\t\t\t<div class=\"elementor-element elementor-element-65cfd82 elementor-widget elementor-widget-button\" data-id=\"65cfd82\" data-element_type=\"widget\" data-widget_type=\"button.default\">\n\t\t\t\t<div class=\"elementor-widget-container\">\n\t\t\t\t\t\t\t\t\t<div class=\"elementor-button-wrapper\">\n\t\t\t\t\t<a class=\"elementor-button elementor-button-link elementor-size-sm\" href=\"https:\/\/iass2025.unam.mx\/wp-content\/uploads\/2025\/10\/IASS-Pavilion-Layout.pdf\" target=\"_blank\">\n\t\t\t\t\t\t<span class=\"elementor-button-content-wrapper\">\n\t\t\t\t\t\t<span class=\"elementor-button-icon\">\n\t\t\t\t<svg xmlns=\"http:\/\/www.w3.org\/2000\/svg\" viewBox=\"0 0 300 300\"><path d=\"m283.63 134.66-125.61-125.61c-10.74-10.74-28.15-10.74-38.88 0-10.74 10.74-10.74 28.14 0 38.88l75.11 75.11h-158.44c-15.18 0-27.49 12.31-27.49 27.49s12.31 27.49 27.49 27.49h165.58l-74.04 74.04c-10.74 10.74-10.74 28.14 0 38.88 5.37 5.37 12.4 8.05 19.44 8.05 7.03 0 14.07-2.68 19.44-8.05l117.4-117.4c5.16-5.16 8.05-12.15 8.05-19.44.01-7.29-2.89-14.28-8.05-19.44z\"><\/path><\/svg>\t\t\t<\/span>\n\t\t\t\t\t\t\t\t\t<span class=\"elementor-button-text\">location map<\/span>\n\t\t\t\t\t<\/span>\n\t\t\t\t\t<\/a>\n\t\t\t\t<\/div>\n\t\t\t\t\t\t\t\t<\/div>\n\t\t\t\t<\/div>\n\t\t\t\t<\/div>\n\t\t<div class=\"elementor-element elementor-element-1cf5a2a e-con-full e-flex e-con e-child\" data-id=\"1cf5a2a\" data-element_type=\"container\">\n\t\t\t\t<div class=\"elementor-element elementor-element-896beb8 elementor-widget__width-initial elementor-widget elementor-widget-text-editor\" data-id=\"896beb8\" data-element_type=\"widget\" data-widget_type=\"text-editor.default\">\n\t\t\t\t<div class=\"elementor-widget-container\">\n\t\t\t\t\t\t\t\t\t<p>In ancient Maya Architecture, monumental arches were important urban elements used to mark entrances or significant points within the city. Rather than employing the Roman semicircular arch, the Maya developed and perfected a technique known as the corbel arch or false arch. This method involved stacking horizontal stone courses, with each succesive stone slightly cantilevered beyond the one below, gradually narrowing the gap until it could be closed at the top. This construction system was applied extensively to cover the interiors of temples, palaces, and ceremonial structures. Despite exploring various cross-sectional profiles and stereotomic solutions, the Maya consistently relied on this technique for nearly 1,500 years (Hohman, 2005). In this research, the concept of the arch is understood not as a complete enclosure like a vault, but as an open architectural fragment \u2013 a visible cross-section of a vault no headwall, connecting two open, urban spaces, whether public or private.\u00a0<\/p><p>As a contemporary reflection on these ancient structural logics, this pavilion was conceived as an experimental exercise to explore the challenges of designing a vault open on all four sides. The project was developed through a hybrid process that combined digital fabrication technologies with traditional craftsmanship, in collaboration with a master artisan specialized in vault construction. Each component of the structure was partially crafted by hand and partially produced with robotic 3D printing, enabling an investigation into the relationship between artisanal and automated manufacturing. This dual approach allowed the project to test the limits and possibilities of merging both systems within a single construction process, generating valuable insights into the dialogue between tradition and technology.<\/p>\t\t\t\t\t\t\t\t<\/div>\n\t\t\t\t<\/div>\n\t\t\t\t<div class=\"elementor-element elementor-element-df6de29 elementor-widget elementor-widget-spacer\" data-id=\"df6de29\" data-element_type=\"widget\" data-widget_type=\"spacer.default\">\n\t\t\t\t<div class=\"elementor-widget-container\">\n\t\t\t\t\t\t\t<div class=\"elementor-spacer\">\n\t\t\t<div class=\"elementor-spacer-inner\"><\/div>\n\t\t<\/div>\n\t\t\t\t\t\t<\/div>\n\t\t\t\t<\/div>\n\t\t\t\t<\/div>\n\t\t\t\t<\/div>\n\t\t\t\t\t<\/div>\n\t\t\t\t<\/div>\n\t\t\t\t<\/div>\n\t\t","protected":false},"excerpt":{"rendered":"<p>07 \/Arco Maya Pavilion Universidad LaSalle Erik Alfonso Carranza L\u00f3pez Dinorah Mart\u00ednez Schulte Edurne Morales Tania Sabrina Ortiz Ram\u00edrez location map In ancient Maya Architecture, monumental arches were important urban elements used to mark entrances or significant points within the city. Rather than employing the Roman semicircular arch, the Maya developed and perfected a technique [&hellip;]<\/p>\n","protected":false},"author":2,"featured_media":0,"parent":0,"menu_order":0,"comment_status":"closed","ping_status":"closed","template":"elementor_header_footer","meta":{"footnotes":""},"class_list":["post-3627","page","type-page","status-publish","hentry"],"_links":{"self":[{"href":"https:\/\/iass2025.unam.mx\/index.php\/wp-json\/wp\/v2\/pages\/3627","targetHints":{"allow":["GET"]}}],"collection":[{"href":"https:\/\/iass2025.unam.mx\/index.php\/wp-json\/wp\/v2\/pages"}],"about":[{"href":"https:\/\/iass2025.unam.mx\/index.php\/wp-json\/wp\/v2\/types\/page"}],"author":[{"embeddable":true,"href":"https:\/\/iass2025.unam.mx\/index.php\/wp-json\/wp\/v2\/users\/2"}],"replies":[{"embeddable":true,"href":"https:\/\/iass2025.unam.mx\/index.php\/wp-json\/wp\/v2\/comments?post=3627"}],"version-history":[{"count":6,"href":"https:\/\/iass2025.unam.mx\/index.php\/wp-json\/wp\/v2\/pages\/3627\/revisions"}],"predecessor-version":[{"id":4887,"href":"https:\/\/iass2025.unam.mx\/index.php\/wp-json\/wp\/v2\/pages\/3627\/revisions\/4887"}],"wp:attachment":[{"href":"https:\/\/iass2025.unam.mx\/index.php\/wp-json\/wp\/v2\/media?parent=3627"}],"curies":[{"name":"wp","href":"https:\/\/api.w.org\/{rel}","templated":true}]}}