{"id":3611,"date":"2025-09-27T19:41:37","date_gmt":"2025-09-28T01:41:37","guid":{"rendered":"https:\/\/iass2025.unam.mx\/?page_id=3611"},"modified":"2025-10-21T19:12:42","modified_gmt":"2025-10-22T01:12:42","slug":"06-shellcraft-recycled-structure-pavilion","status":"publish","type":"page","link":"https:\/\/iass2025.unam.mx\/index.php\/06-shellcraft-recycled-structure-pavilion\/","title":{"rendered":"06 \/ Shellcraft, Recycled Structure Pavilion"},"content":{"rendered":"\t\t<div data-elementor-type=\"wp-page\" data-elementor-id=\"3611\" class=\"elementor elementor-3611\" data-elementor-post-type=\"page\">\n\t\t\t\t<div class=\"elementor-element elementor-element-d30dc9e e-flex e-con-boxed e-con e-parent\" data-id=\"d30dc9e\" data-element_type=\"container\" data-settings=\"{&quot;background_background&quot;:&quot;classic&quot;}\">\n\t\t\t\t\t<div class=\"e-con-inner\">\n\t\t<div class=\"elementor-element elementor-element-cb2262c e-con-full e-flex e-con e-child\" data-id=\"cb2262c\" data-element_type=\"container\">\n\t\t<div class=\"elementor-element elementor-element-acc18d6 e-con-full e-flex e-con e-child\" data-id=\"acc18d6\" data-element_type=\"container\">\n\t\t\t\t<div class=\"elementor-element elementor-element-881f03d elementor-widget__width-initial elementor-widget elementor-widget-heading\" data-id=\"881f03d\" data-element_type=\"widget\" data-widget_type=\"heading.default\">\n\t\t\t\t<div class=\"elementor-widget-container\">\n\t\t\t\t\t<h1 class=\"elementor-heading-title elementor-size-default\">06 \/<br>Shellcraft, Recycled Structure Pavilion<\/h1>\t\t\t\t<\/div>\n\t\t\t\t<\/div>\n\t\t\t\t<div class=\"elementor-element elementor-element-ef1eb79 elementor-widget elementor-widget-heading\" data-id=\"ef1eb79\" data-element_type=\"widget\" data-widget_type=\"heading.default\">\n\t\t\t\t<div class=\"elementor-widget-container\">\n\t\t\t\t\t<h2 class=\"elementor-heading-title elementor-size-default\"><b>Universidad An\u00e1huac Quer\u00e9taro<\/b><br>\nJorge Javier<br>\nFernando Velasco<br>\nDaniel P\u00e9rez\n\n<\/h2>\t\t\t\t<\/div>\n\t\t\t\t<\/div>\n\t\t\t\t<div class=\"elementor-element elementor-element-e8fc591 elementor-widget elementor-widget-image\" data-id=\"e8fc591\" data-element_type=\"widget\" data-widget_type=\"image.default\">\n\t\t\t\t<div class=\"elementor-widget-container\">\n\t\t\t\t\t\t\t\t\t\t\t\t\t\t\t\t<a href=\"https:\/\/iass2025.unam.mx\/wp-content\/uploads\/2025\/09\/Recurso-7.png\" data-elementor-open-lightbox=\"yes\" data-elementor-lightbox-title=\"Recurso 7\" data-e-action-hash=\"#elementor-action%3Aaction%3Dlightbox%26settings%3DeyJpZCI6MzYyMiwidXJsIjoiaHR0cHM6XC9cL2lhc3MyMDI1LnVuYW0ubXhcL3dwLWNvbnRlbnRcL3VwbG9hZHNcLzIwMjVcLzA5XC9SZWN1cnNvLTcucG5nIn0%3D\">\n\t\t\t\t\t\t\t<img fetchpriority=\"high\" decoding=\"async\" width=\"740\" height=\"555\" src=\"https:\/\/iass2025.unam.mx\/wp-content\/uploads\/2025\/09\/Recurso-7.png\" class=\"attachment-large size-large wp-image-3622\" alt=\"\" srcset=\"https:\/\/iass2025.unam.mx\/wp-content\/uploads\/2025\/09\/Recurso-7.png 740w, https:\/\/iass2025.unam.mx\/wp-content\/uploads\/2025\/09\/Recurso-7-300x225.png 300w, https:\/\/iass2025.unam.mx\/wp-content\/uploads\/2025\/09\/Recurso-7-600x450.png 600w\" sizes=\"(max-width: 740px) 100vw, 740px\" \/>\t\t\t\t\t\t\t\t<\/a>\n\t\t\t\t\t\t\t\t\t\t\t\t\t\t\t<\/div>\n\t\t\t\t<\/div>\n\t\t\t\t<div class=\"elementor-element elementor-element-629a963 elementor-widget elementor-widget-image\" data-id=\"629a963\" data-element_type=\"widget\" data-widget_type=\"image.default\">\n\t\t\t\t<div class=\"elementor-widget-container\">\n\t\t\t\t\t\t\t\t\t\t\t\t\t\t\t\t<a href=\"https:\/\/iass2025.unam.mx\/wp-content\/uploads\/2025\/09\/Recurso-19.png\" data-elementor-open-lightbox=\"yes\" data-elementor-lightbox-title=\"Recurso 19\" data-e-action-hash=\"#elementor-action%3Aaction%3Dlightbox%26settings%3DeyJpZCI6MzYyMywidXJsIjoiaHR0cHM6XC9cL2lhc3MyMDI1LnVuYW0ubXhcL3dwLWNvbnRlbnRcL3VwbG9hZHNcLzIwMjVcLzA5XC9SZWN1cnNvLTE5LnBuZyJ9\">\n\t\t\t\t\t\t\t<img decoding=\"async\" width=\"393\" height=\"523\" src=\"https:\/\/iass2025.unam.mx\/wp-content\/uploads\/2025\/09\/Recurso-19.png\" class=\"attachment-large size-large wp-image-3623\" alt=\"\" srcset=\"https:\/\/iass2025.unam.mx\/wp-content\/uploads\/2025\/09\/Recurso-19.png 393w, https:\/\/iass2025.unam.mx\/wp-content\/uploads\/2025\/09\/Recurso-19-225x300.png 225w\" sizes=\"(max-width: 393px) 100vw, 393px\" \/>\t\t\t\t\t\t\t\t<\/a>\n\t\t\t\t\t\t\t\t\t\t\t\t\t\t\t<\/div>\n\t\t\t\t<\/div>\n\t\t\t\t<div class=\"elementor-element elementor-element-e8706ce elementor-widget elementor-widget-button\" data-id=\"e8706ce\" data-element_type=\"widget\" data-widget_type=\"button.default\">\n\t\t\t\t<div class=\"elementor-widget-container\">\n\t\t\t\t\t\t\t\t\t<div class=\"elementor-button-wrapper\">\n\t\t\t\t\t<a class=\"elementor-button elementor-button-link elementor-size-sm\" href=\"https:\/\/iass2025.unam.mx\/wp-content\/uploads\/2025\/10\/IASS-Pavilion-Layout.pdf\" target=\"_blank\">\n\t\t\t\t\t\t<span class=\"elementor-button-content-wrapper\">\n\t\t\t\t\t\t<span class=\"elementor-button-icon\">\n\t\t\t\t<svg xmlns=\"http:\/\/www.w3.org\/2000\/svg\" viewBox=\"0 0 300 300\"><path d=\"m283.63 134.66-125.61-125.61c-10.74-10.74-28.15-10.74-38.88 0-10.74 10.74-10.74 28.14 0 38.88l75.11 75.11h-158.44c-15.18 0-27.49 12.31-27.49 27.49s12.31 27.49 27.49 27.49h165.58l-74.04 74.04c-10.74 10.74-10.74 28.14 0 38.88 5.37 5.37 12.4 8.05 19.44 8.05 7.03 0 14.07-2.68 19.44-8.05l117.4-117.4c5.16-5.16 8.05-12.15 8.05-19.44.01-7.29-2.89-14.28-8.05-19.44z\"><\/path><\/svg>\t\t\t<\/span>\n\t\t\t\t\t\t\t\t\t<span class=\"elementor-button-text\">location map<\/span>\n\t\t\t\t\t<\/span>\n\t\t\t\t\t<\/a>\n\t\t\t\t<\/div>\n\t\t\t\t\t\t\t\t<\/div>\n\t\t\t\t<\/div>\n\t\t\t\t<\/div>\n\t\t<div class=\"elementor-element elementor-element-91fac32 e-con-full e-flex e-con e-child\" data-id=\"91fac32\" data-element_type=\"container\">\n\t\t\t\t<div class=\"elementor-element elementor-element-dcb7eb4 elementor-widget__width-initial elementor-widget elementor-widget-text-editor\" data-id=\"dcb7eb4\" data-element_type=\"widget\" data-widget_type=\"text-editor.default\">\n\t\t\t\t<div class=\"elementor-widget-container\">\n\t\t\t\t\t\t\t\t\t<p>A self-standing textured and sensorial pavilion that can be used as a threshold transition in-between spaces, based on a concept of repetition, iteration, and interlocking, managing hexagons and their profiles tilted to acquire different shapes inwards and outwards.<\/p><p>With a sense of social awareness, using light, simple material: Corrugated cardboard, interlocked with open seams that create a giant set, using little to none bolts and nuts to improve assembly and that can be recycled after the exhibition.<\/p><p>The idea relies on hexagons, a pattern divided into 4 different pieces and how the interlocking creates unity through form.<\/p><p>The first proposal, reminded a self-supported structure, then it evolved into a series of scales to form a sort of pyramid with some diagonal pieces embracing the whole system.<\/p>\t\t\t\t\t\t\t\t<\/div>\n\t\t\t\t<\/div>\n\t\t\t\t<div class=\"elementor-element elementor-element-85ccad9 elementor-widget elementor-widget-spacer\" data-id=\"85ccad9\" data-element_type=\"widget\" data-widget_type=\"spacer.default\">\n\t\t\t\t<div class=\"elementor-widget-container\">\n\t\t\t\t\t\t\t<div class=\"elementor-spacer\">\n\t\t\t<div class=\"elementor-spacer-inner\"><\/div>\n\t\t<\/div>\n\t\t\t\t\t\t<\/div>\n\t\t\t\t<\/div>\n\t\t\t\t<\/div>\n\t\t\t\t<\/div>\n\t\t\t\t\t<\/div>\n\t\t\t\t<\/div>\n\t\t\t\t<\/div>\n\t\t","protected":false},"excerpt":{"rendered":"<p>06 \/Shellcraft, Recycled Structure Pavilion Universidad An\u00e1huac Quer\u00e9taro Jorge Javier Fernando Velasco Daniel P\u00e9rez location map A self-standing textured and sensorial pavilion that can be used as a threshold transition in-between spaces, based on a concept of repetition, iteration, and interlocking, managing hexagons and their profiles tilted to acquire different shapes inwards and outwards. With [&hellip;]<\/p>\n","protected":false},"author":2,"featured_media":0,"parent":0,"menu_order":0,"comment_status":"closed","ping_status":"closed","template":"elementor_header_footer","meta":{"footnotes":""},"class_list":["post-3611","page","type-page","status-publish","hentry"],"_links":{"self":[{"href":"https:\/\/iass2025.unam.mx\/index.php\/wp-json\/wp\/v2\/pages\/3611","targetHints":{"allow":["GET"]}}],"collection":[{"href":"https:\/\/iass2025.unam.mx\/index.php\/wp-json\/wp\/v2\/pages"}],"about":[{"href":"https:\/\/iass2025.unam.mx\/index.php\/wp-json\/wp\/v2\/types\/page"}],"author":[{"embeddable":true,"href":"https:\/\/iass2025.unam.mx\/index.php\/wp-json\/wp\/v2\/users\/2"}],"replies":[{"embeddable":true,"href":"https:\/\/iass2025.unam.mx\/index.php\/wp-json\/wp\/v2\/comments?post=3611"}],"version-history":[{"count":15,"href":"https:\/\/iass2025.unam.mx\/index.php\/wp-json\/wp\/v2\/pages\/3611\/revisions"}],"predecessor-version":[{"id":4884,"href":"https:\/\/iass2025.unam.mx\/index.php\/wp-json\/wp\/v2\/pages\/3611\/revisions\/4884"}],"wp:attachment":[{"href":"https:\/\/iass2025.unam.mx\/index.php\/wp-json\/wp\/v2\/media?parent=3611"}],"curies":[{"name":"wp","href":"https:\/\/api.w.org\/{rel}","templated":true}]}}