{"id":3379,"date":"2025-09-23T19:32:24","date_gmt":"2025-09-24T01:32:24","guid":{"rendered":"https:\/\/iass2025.unam.mx\/?page_id=3379"},"modified":"2025-10-21T19:10:51","modified_gmt":"2025-10-22T01:10:51","slug":"01-impluvium-redux-pavilion","status":"publish","type":"page","link":"https:\/\/iass2025.unam.mx\/index.php\/01-impluvium-redux-pavilion\/","title":{"rendered":"01 \/ Impluvium Redux Pavilion"},"content":{"rendered":"\t\t<div data-elementor-type=\"wp-page\" data-elementor-id=\"3379\" class=\"elementor elementor-3379\" data-elementor-post-type=\"page\">\n\t\t\t\t<div class=\"elementor-element elementor-element-4dc3500 e-flex e-con-boxed e-con e-parent\" data-id=\"4dc3500\" data-element_type=\"container\">\n\t\t\t\t\t<div class=\"e-con-inner\">\n\t\t<div class=\"elementor-element elementor-element-4d3bf32 e-con-full e-flex e-con e-child\" data-id=\"4d3bf32\" data-element_type=\"container\">\n\t\t<div class=\"elementor-element elementor-element-2dbf39e e-con-full e-flex e-con e-child\" data-id=\"2dbf39e\" data-element_type=\"container\">\n\t\t\t\t<div class=\"elementor-element elementor-element-5260566 elementor-widget__width-initial elementor-widget elementor-widget-heading\" data-id=\"5260566\" data-element_type=\"widget\" data-widget_type=\"heading.default\">\n\t\t\t\t<div class=\"elementor-widget-container\">\n\t\t\t\t\t<h1 class=\"elementor-heading-title elementor-size-default\">01 \/<br>Impluvium redux pavilion<\/h1>\t\t\t\t<\/div>\n\t\t\t\t<\/div>\n\t\t\t\t<div class=\"elementor-element elementor-element-1b9444c elementor-widget elementor-widget-heading\" data-id=\"1b9444c\" data-element_type=\"widget\" data-widget_type=\"heading.default\">\n\t\t\t\t<div class=\"elementor-widget-container\">\n\t\t\t\t\t<h2 class=\"elementor-heading-title elementor-size-default\"><b>Rice University<\/b><br>\nJuan Jos\u00e9 Castell\u00f3n Gonz\u00e1lez\n<\/h2>\t\t\t\t<\/div>\n\t\t\t\t<\/div>\n\t\t\t\t<div class=\"elementor-element elementor-element-0882db6 elementor-widget elementor-widget-image\" data-id=\"0882db6\" data-element_type=\"widget\" data-widget_type=\"image.default\">\n\t\t\t\t<div class=\"elementor-widget-container\">\n\t\t\t\t\t\t\t\t\t\t\t\t\t\t\t\t<a href=\"https:\/\/iass2025.unam.mx\/wp-content\/uploads\/2025\/09\/Recurso-2.png\" data-elementor-open-lightbox=\"yes\" data-elementor-lightbox-title=\"Recurso 2\" data-e-action-hash=\"#elementor-action%3Aaction%3Dlightbox%26settings%3DeyJpZCI6MzU1MiwidXJsIjoiaHR0cHM6XC9cL2lhc3MyMDI1LnVuYW0ubXhcL3dwLWNvbnRlbnRcL3VwbG9hZHNcLzIwMjVcLzA5XC9SZWN1cnNvLTIucG5nIn0%3D\">\n\t\t\t\t\t\t\t<img fetchpriority=\"high\" decoding=\"async\" width=\"800\" height=\"552\" src=\"https:\/\/iass2025.unam.mx\/wp-content\/uploads\/2025\/09\/Recurso-2-1024x706.png\" class=\"attachment-large size-large wp-image-3552\" alt=\"\" srcset=\"https:\/\/iass2025.unam.mx\/wp-content\/uploads\/2025\/09\/Recurso-2-1024x706.png 1024w, https:\/\/iass2025.unam.mx\/wp-content\/uploads\/2025\/09\/Recurso-2-300x207.png 300w, https:\/\/iass2025.unam.mx\/wp-content\/uploads\/2025\/09\/Recurso-2-768x529.png 768w, https:\/\/iass2025.unam.mx\/wp-content\/uploads\/2025\/09\/Recurso-2-1536x1059.png 1536w, https:\/\/iass2025.unam.mx\/wp-content\/uploads\/2025\/09\/Recurso-2-2048x1411.png 2048w, https:\/\/iass2025.unam.mx\/wp-content\/uploads\/2025\/09\/Recurso-2-600x413.png 600w\" sizes=\"(max-width: 800px) 100vw, 800px\" \/>\t\t\t\t\t\t\t\t<\/a>\n\t\t\t\t\t\t\t\t\t\t\t\t\t\t\t<\/div>\n\t\t\t\t<\/div>\n\t\t\t\t<div class=\"elementor-element elementor-element-ae39e83 elementor-widget elementor-widget-button\" data-id=\"ae39e83\" data-element_type=\"widget\" data-widget_type=\"button.default\">\n\t\t\t\t<div class=\"elementor-widget-container\">\n\t\t\t\t\t\t\t\t\t<div class=\"elementor-button-wrapper\">\n\t\t\t\t\t<a class=\"elementor-button elementor-button-link elementor-size-sm\" href=\"https:\/\/iass2025.unam.mx\/wp-content\/uploads\/2025\/10\/IASS-Pavilion-Layout.pdf\" target=\"_blank\">\n\t\t\t\t\t\t<span class=\"elementor-button-content-wrapper\">\n\t\t\t\t\t\t<span class=\"elementor-button-icon\">\n\t\t\t\t<svg xmlns=\"http:\/\/www.w3.org\/2000\/svg\" viewBox=\"0 0 300 300\"><path d=\"m283.63 134.66-125.61-125.61c-10.74-10.74-28.15-10.74-38.88 0-10.74 10.74-10.74 28.14 0 38.88l75.11 75.11h-158.44c-15.18 0-27.49 12.31-27.49 27.49s12.31 27.49 27.49 27.49h165.58l-74.04 74.04c-10.74 10.74-10.74 28.14 0 38.88 5.37 5.37 12.4 8.05 19.44 8.05 7.03 0 14.07-2.68 19.44-8.05l117.4-117.4c5.16-5.16 8.05-12.15 8.05-19.44.01-7.29-2.89-14.28-8.05-19.44z\"><\/path><\/svg>\t\t\t<\/span>\n\t\t\t\t\t\t\t\t\t<span class=\"elementor-button-text\">location map<\/span>\n\t\t\t\t\t<\/span>\n\t\t\t\t\t<\/a>\n\t\t\t\t<\/div>\n\t\t\t\t\t\t\t\t<\/div>\n\t\t\t\t<\/div>\n\t\t\t\t<\/div>\n\t\t<div class=\"elementor-element elementor-element-9643185 e-con-full e-flex e-con e-child\" data-id=\"9643185\" data-element_type=\"container\">\n\t\t\t\t<div class=\"elementor-element elementor-element-3ff2e8b elementor-widget__width-initial elementor-widget elementor-widget-text-editor\" data-id=\"3ff2e8b\" data-element_type=\"widget\" data-widget_type=\"text-editor.default\">\n\t\t\t\t<div class=\"elementor-widget-container\">\n\t\t\t\t\t\t\t\t\t<p class=\"p1\">In ancient Roman architecture, the <em>impluvium<\/em> was a water-catchment system to capture rainwater falling from the <em>compluvium<\/em> of the roof. It was usually made of marble and placed about 30 cm below the floor of the atrium and emptied into a sunken cistern.<\/p><p class=\"p1\">Grounded on this architectural tradition revisited through contemporary technologies and material tradition, <strong>Impluvium Redux<\/strong>\u00a0lends itself to operate as a prototypical flexible module that can be deployed onto any pre-existing urban rooftop or public area.<\/p><p class=\"p1\">The modular system comprises hollow ceramic pieces acting as structural columns, and water collectors, a modular floor elevated on pedestals, and a lightweight folded structure and waterproof membrane that opens and closes to capture and clean rainwater through its folded surface.<\/p><p class=\"p1\">The water management system, as proposed, works to shade and alleviate the heat island effect, flooding and drought through storage, as well as release and reduce runoff by harvesting water.<\/p><p class=\"p1\">The materiality of the modular ceramic columns and floor provides energy-saving cooling benefits.<\/p><p class=\"p1\">The resulting prototype integrates structural and material strategies to optimize construction aspects related to transportation, assembly, and disassembly of building components, and thermodynamic principles related to heattransfer and water cycles while helping to foster a sense of community, ecology, and healthy environments for social interaction.<\/p>\t\t\t\t\t\t\t\t<\/div>\n\t\t\t\t<\/div>\n\t\t\t\t<div class=\"elementor-element elementor-element-ca2cfc7 elementor-widget elementor-widget-spacer\" data-id=\"ca2cfc7\" data-element_type=\"widget\" data-widget_type=\"spacer.default\">\n\t\t\t\t<div class=\"elementor-widget-container\">\n\t\t\t\t\t\t\t<div class=\"elementor-spacer\">\n\t\t\t<div class=\"elementor-spacer-inner\"><\/div>\n\t\t<\/div>\n\t\t\t\t\t\t<\/div>\n\t\t\t\t<\/div>\n\t\t\t\t<\/div>\n\t\t\t\t<\/div>\n\t\t\t\t\t<\/div>\n\t\t\t\t<\/div>\n\t\t\t\t<\/div>\n\t\t","protected":false},"excerpt":{"rendered":"<p>01 \/Impluvium redux pavilion Rice University Juan Jos\u00e9 Castell\u00f3n Gonz\u00e1lez location map In ancient Roman architecture, the impluvium was a water-catchment system to capture rainwater falling from the compluvium of the roof. It was usually made of marble and placed about 30 cm below the floor of the atrium and emptied into a sunken cistern. [&hellip;]<\/p>\n","protected":false},"author":2,"featured_media":0,"parent":0,"menu_order":0,"comment_status":"closed","ping_status":"closed","template":"elementor_header_footer","meta":{"footnotes":""},"class_list":["post-3379","page","type-page","status-publish","hentry"],"_links":{"self":[{"href":"https:\/\/iass2025.unam.mx\/index.php\/wp-json\/wp\/v2\/pages\/3379","targetHints":{"allow":["GET"]}}],"collection":[{"href":"https:\/\/iass2025.unam.mx\/index.php\/wp-json\/wp\/v2\/pages"}],"about":[{"href":"https:\/\/iass2025.unam.mx\/index.php\/wp-json\/wp\/v2\/types\/page"}],"author":[{"embeddable":true,"href":"https:\/\/iass2025.unam.mx\/index.php\/wp-json\/wp\/v2\/users\/2"}],"replies":[{"embeddable":true,"href":"https:\/\/iass2025.unam.mx\/index.php\/wp-json\/wp\/v2\/comments?post=3379"}],"version-history":[{"count":37,"href":"https:\/\/iass2025.unam.mx\/index.php\/wp-json\/wp\/v2\/pages\/3379\/revisions"}],"predecessor-version":[{"id":4872,"href":"https:\/\/iass2025.unam.mx\/index.php\/wp-json\/wp\/v2\/pages\/3379\/revisions\/4872"}],"wp:attachment":[{"href":"https:\/\/iass2025.unam.mx\/index.php\/wp-json\/wp\/v2\/media?parent=3379"}],"curies":[{"name":"wp","href":"https:\/\/api.w.org\/{rel}","templated":true}]}}